{"id":16322,"date":"2024-10-22T15:59:58","date_gmt":"2024-10-22T14:59:58","guid":{"rendered":"https:\/\/www.sharinguniversity.eu\/wpress\/?page_id=16322"},"modified":"2024-10-23T09:44:49","modified_gmt":"2024-10-23T08:44:49","slug":"office365teams","status":"publish","type":"page","link":"https:\/\/www.sharinguniversity.eu\/wpress\/office365teams\/","title":{"rendered":"Office365Teams"},"content":{"rendered":"\t\t<div data-elementor-type=\"wp-page\" data-elementor-id=\"16322\" class=\"elementor elementor-16322\" data-elementor-post-type=\"page\">\n\t\t\t\t\t\t<section class=\"elementor-section elementor-top-section elementor-element elementor-element-4438ca9 elementor-section-stretched elementor-section-height-min-height elementor-section-items-bottom elementor-section-boxed elementor-section-height-default\" data-id=\"4438ca9\" data-element_type=\"section\" data-e-type=\"section\" data-settings=\"{&quot;stretch_section&quot;:&quot;section-stretched&quot;,&quot;background_background&quot;:&quot;classic&quot;}\">\n\t\t\t\t\t\t<div class=\"elementor-container elementor-column-gap-custom\">\n\t\t\t\t\t<div class=\"elementor-column elementor-col-100 elementor-top-column elementor-element elementor-element-710ce73\" data-id=\"710ce73\" data-element_type=\"column\" data-e-type=\"column\">\n\t\t\t<div class=\"elementor-widget-wrap elementor-element-populated\">\n\t\t\t\t\t\t<div class=\"elementor-element elementor-element-960f694 elementor-widget thim-ekits-heading elementor-widget-thim-heading\" data-id=\"960f694\" data-element_type=\"widget\" data-e-type=\"widget\" data-widget_type=\"thim-heading.default\">\n\t\t\t\t<div class=\"elementor-widget-container\">\n\t\t\t\t\t<div class=\"sc_heading \"><h2 class=\"title\">Cursos <\/h2><\/div>\t\t\t\t<\/div>\n\t\t\t\t<\/div>\n\t\t\t\t\t<\/div>\n\t\t<\/div>\n\t\t\t\t\t<\/div>\n\t\t<\/section>\n\t\t\t\t<section class=\"elementor-section elementor-top-section elementor-element elementor-element-1038632 elementor-section-stretched elementor-section-boxed elementor-section-height-default elementor-section-height-default\" data-id=\"1038632\" data-element_type=\"section\" data-e-type=\"section\" data-settings=\"{&quot;stretch_section&quot;:&quot;section-stretched&quot;}\">\n\t\t\t\t\t\t<div class=\"elementor-container elementor-column-gap-custom\">\n\t\t\t\t\t<div class=\"elementor-column elementor-col-50 elementor-top-column elementor-element elementor-element-03af767\" data-id=\"03af767\" data-element_type=\"column\" data-e-type=\"column\">\n\t\t\t<div class=\"elementor-widget-wrap elementor-element-populated\">\n\t\t\t\t\t\t<div class=\"elementor-element elementor-element-fd74e34 elementor-widget thim-ekits-heading elementor-widget-thim-heading\" data-id=\"fd74e34\" data-element_type=\"widget\" data-e-type=\"widget\" data-widget_type=\"thim-heading.default\">\n\t\t\t\t<div class=\"elementor-widget-container\">\n\t\t\t\t\t<div class=\"sc_heading \"><h4 class=\"title\">Microsoft Office 365 e Microsoft Teams <\/h4><\/div>\t\t\t\t<\/div>\n\t\t\t\t<\/div>\n\t\t<div class=\"elementor-element elementor-element-e57aa2f e-grid e-con-full e-con e-parent\" data-id=\"e57aa2f\" data-element_type=\"container\" data-e-type=\"container\">\n\t\t\t\t<div class=\"elementor-element elementor-element-8fcdfb7 elementor-widget elementor-widget-text-editor\" data-id=\"8fcdfb7\" data-element_type=\"widget\" data-e-type=\"widget\" data-widget_type=\"text-editor.default\">\n\t\t\t\t<div class=\"elementor-widget-container\">\n\t\t\t\t\t\t\t\t\t<p><span style=\"color: #0000ff;\"><strong>Valor:<\/strong><\/span>\u00a0 100 \u20ac<\/p>\t\t\t\t\t\t\t\t<\/div>\n\t\t\t\t<\/div>\n\t\t\t\t<div class=\"elementor-element elementor-element-165f12f elementor-widget elementor-widget-text-editor\" data-id=\"165f12f\" data-element_type=\"widget\" data-e-type=\"widget\" data-widget_type=\"text-editor.default\">\n\t\t\t\t<div class=\"elementor-widget-container\">\n\t\t\t\t\t\t\t\t\t<p><strong><span style=\"color: #0000ff;\">Hor\u00e1rio:<\/span><\/strong><\/p><p>2\u00aa, 4\u00aa das 18:00 H \u00e1s 22:00 H<\/p>\t\t\t\t\t\t\t\t<\/div>\n\t\t\t\t<\/div>\n\t\t\t\t<div class=\"elementor-element elementor-element-a1d57a7 elementor-widget elementor-widget-text-editor\" data-id=\"a1d57a7\" data-element_type=\"widget\" data-e-type=\"widget\" data-widget_type=\"text-editor.default\">\n\t\t\t\t<div class=\"elementor-widget-container\">\n\t\t\t\t\t\t\t\t\t<p><span style=\"color: #0000ff;\"><strong>Formato:<\/strong><\/span> Online<\/p>\t\t\t\t\t\t\t\t<\/div>\n\t\t\t\t<\/div>\n\t\t\t\t<div class=\"elementor-element elementor-element-bcabe41 elementor-widget elementor-widget-text-editor\" data-id=\"bcabe41\" data-element_type=\"widget\" data-e-type=\"widget\" data-widget_type=\"text-editor.default\">\n\t\t\t\t<div class=\"elementor-widget-container\">\n\t\t\t\t\t\t\t\t\t<p><strong><span style=\"color: #0000ff;\">N\u00ba Horas:<\/span><\/strong> 30 H<\/p><p>Dura\u00e7\u00e3o: 5 semanas<\/p>\t\t\t\t\t\t\t\t<\/div>\n\t\t\t\t<\/div>\n\t\t\t\t<\/div>\n\t\t\t\t<div class=\"elementor-element elementor-element-c5f66e8 elementor-widget elementor-widget-spacer\" data-id=\"c5f66e8\" data-element_type=\"widget\" data-e-type=\"widget\" data-widget_type=\"spacer.default\">\n\t\t\t\t<div class=\"elementor-widget-container\">\n\t\t\t\t\t\t\t<div class=\"elementor-spacer\">\n\t\t\t<div class=\"elementor-spacer-inner\"><\/div>\n\t\t<\/div>\n\t\t\t\t\t\t<\/div>\n\t\t\t\t<\/div>\n\t\t\t\t<div class=\"elementor-element elementor-element-b1d0939 elementor-widget__width-auto elementor-widget elementor-widget-thim-ekits-header-info\" data-id=\"b1d0939\" data-element_type=\"widget\" data-e-type=\"widget\" data-widget_type=\"thim-ekits-header-info.default\">\n\t\t\t\t<div class=\"elementor-widget-container\">\n\t\t\t\t\t\t\t<div class=\"header-info-swapper\">\n\t\t\t<ul class=\"thim-header-info\">\n\t\t\t\t\t\t\t\t\t\t<li>\n\t\t\t\t\t\t\t\t\t\t\t\t\t\t\t\t\t\t\t\t\t\t\t\t<span>\n\t\t\t\t\t\t\t\t\t<i aria-hidden=\"true\" class=\"fas fa-chevron-circle-right\"><\/i>\t\t\t\t\t\t\t\t<\/span>\n\t\t\t\t\t\t\t\t\n\t\t\t\t\t\t\t\tModalidade de Forma\u00e7\u00e3o\n\t\t\t\t\t\t\t\t\t\t\t\t\t\t<\/li>\n\t\t\t\t\t\t\t\t\t<\/ul>\n\t\t<\/div>\n\t\t\t\t\t\t<\/div>\n\t\t\t\t<\/div>\n\t\t\t\t<div class=\"elementor-element elementor-element-c4174ff elementor-widget elementor-widget-text-editor\" data-id=\"c4174ff\" data-element_type=\"widget\" data-e-type=\"widget\" data-widget_type=\"text-editor.default\">\n\t\t\t\t<div class=\"elementor-widget-container\">\n\t\t\t\t\t\t\t\t\t<ul><li>B-Learning<\/li><\/ul>\t\t\t\t\t\t\t\t<\/div>\n\t\t\t\t<\/div>\n\t\t\t\t<div class=\"elementor-element elementor-element-10267cc elementor-widget__width-auto elementor-widget elementor-widget-thim-ekits-header-info\" data-id=\"10267cc\" data-element_type=\"widget\" data-e-type=\"widget\" data-widget_type=\"thim-ekits-header-info.default\">\n\t\t\t\t<div class=\"elementor-widget-container\">\n\t\t\t\t\t\t\t<div class=\"header-info-swapper\">\n\t\t\t<ul class=\"thim-header-info\">\n\t\t\t\t\t\t\t\t\t\t<li>\n\t\t\t\t\t\t\t\t\t\t\t\t\t\t\t\t\t\t\t\t\t\t\t\t<span>\n\t\t\t\t\t\t\t\t\t<i aria-hidden=\"true\" class=\"fas fa-chevron-circle-right\"><\/i>\t\t\t\t\t\t\t\t<\/span>\n\t\t\t\t\t\t\t\t\n\t\t\t\t\t\t\t\tObjetivos Gerais\n\t\t\t\t\t\t\t\t\t\t\t\t\t\t<\/li>\n\t\t\t\t\t\t\t\t\t<\/ul>\n\t\t<\/div>\n\t\t\t\t\t\t<\/div>\n\t\t\t\t<\/div>\n\t\t\t\t<div class=\"elementor-element elementor-element-e7233a4 elementor-widget elementor-widget-text-editor\" data-id=\"e7233a4\" data-element_type=\"widget\" data-e-type=\"widget\" data-widget_type=\"text-editor.default\">\n\t\t\t\t<div class=\"elementor-widget-container\">\n\t\t\t\t\t\t\t\t\t<p><strong>No final do curso, os formandos devem estar aptos a:<\/strong><\/p><ul><li>Descarregar e instalar o Office 365<\/li><li>Entender o conceito do MsTeams e a sua integra\u00e7\u00e3o com o MsOffice 365.Conhecer os componentes do MsTeams<\/li><li><p>Constituir e gerir equipas e grupos de trabalho ou turmas de e-learning<\/p><\/li><\/ul>\t\t\t\t\t\t\t\t<\/div>\n\t\t\t\t<\/div>\n\t\t\t\t<div class=\"elementor-element elementor-element-6241e22 elementor-widget__width-auto elementor-widget elementor-widget-thim-ekits-header-info\" data-id=\"6241e22\" data-element_type=\"widget\" data-e-type=\"widget\" data-widget_type=\"thim-ekits-header-info.default\">\n\t\t\t\t<div class=\"elementor-widget-container\">\n\t\t\t\t\t\t\t<div class=\"header-info-swapper\">\n\t\t\t<ul class=\"thim-header-info\">\n\t\t\t\t\t\t\t\t\t\t<li>\n\t\t\t\t\t\t\t\t\t\t\t\t\t\t\t\t\t\t\t\t\t\t\t\t<span>\n\t\t\t\t\t\t\t\t\t<i aria-hidden=\"true\" class=\"fas fa-chevron-circle-right\"><\/i>\t\t\t\t\t\t\t\t<\/span>\n\t\t\t\t\t\t\t\t\n\t\t\t\t\t\t\t\tObjetivos Especificos\n\t\t\t\t\t\t\t\t\t\t\t\t\t\t<\/li>\n\t\t\t\t\t\t\t\t\t<\/ul>\n\t\t<\/div>\n\t\t\t\t\t\t<\/div>\n\t\t\t\t<\/div>\n\t\t\t\t<div class=\"elementor-element elementor-element-a07a43f elementor-widget elementor-widget-text-editor\" data-id=\"a07a43f\" data-element_type=\"widget\" data-e-type=\"widget\" data-widget_type=\"text-editor.default\">\n\t\t\t\t<div class=\"elementor-widget-container\">\n\t\t\t\t\t\t\t\t\t<p><strong>No final da forma\u00e7\u00e3o, espera-se que os formandos estejam aptos a:<\/strong><\/p>\n<ul>\n<li>Instalar e configurar o Microsoft Office 365<\/li>\n<li><span style=\"font-family: var( --e-global-typography-text-font-family ), Sans-serif; font-weight: var( --e-global-typography-text-font-weight ); font-size: var(--thim-font-body-font-size);\">Criar e gerir contas de utilizadores do MsOffice365 que possam assumir no MsTeams os pap\u00e9is de Coordenador, Formador, e Aluno ou Formando<\/span><\/li>\n<li><span style=\"font-family: var( --e-global-typography-text-font-family ), Sans-serif; font-weight: var( --e-global-typography-text-font-weight ); font-size: var(--thim-font-body-font-size);\">U<\/span>tilizar o ambiente MsTeams.<\/li><li>Criar e gerir equipas em MsTeams<\/li><li>Criar e gerir canais em MsTeams<\/li><li>Agendar reuni\u00f5es em MsTeams.<\/li><li>Constituir e gerir equipas e grupos de trabalho ou turmas de e-learning<\/li>\n<\/ul>\t\t\t\t\t\t\t\t<\/div>\n\t\t\t\t<\/div>\n\t\t\t\t\t<\/div>\n\t\t<\/div>\n\t\t\t\t<div class=\"elementor-column elementor-col-50 elementor-top-column elementor-element elementor-element-3c63165\" data-id=\"3c63165\" data-element_type=\"column\" data-e-type=\"column\">\n\t\t\t<div class=\"elementor-widget-wrap elementor-element-populated\">\n\t\t\t\t\t\t<div class=\"elementor-element elementor-element-f1c70ae elementor-widget thim-ekits-heading elementor-widget-thim-heading\" data-id=\"f1c70ae\" data-element_type=\"widget\" data-e-type=\"widget\" data-widget_type=\"thim-heading.default\">\n\t\t\t\t<div class=\"elementor-widget-container\">\n\t\t\t\t\t<div class=\"sc_heading \"><h4 class=\"title\">Documenta\u00e7\u00e3o <\/h4><\/div>\t\t\t\t<\/div>\n\t\t\t\t<\/div>\n\t\t\t\t<div class=\"elementor-element elementor-element-c57e710 elementor-widget elementor-widget-spacer\" data-id=\"c57e710\" data-element_type=\"widget\" data-e-type=\"widget\" data-widget_type=\"spacer.default\">\n\t\t\t\t<div class=\"elementor-widget-container\">\n\t\t\t\t\t\t\t<div class=\"elementor-spacer\">\n\t\t\t<div class=\"elementor-spacer-inner\"><\/div>\n\t\t<\/div>\n\t\t\t\t\t\t<\/div>\n\t\t\t\t<\/div>\n\t\t\t\t<div class=\"elementor-element elementor-element-f5620c2 elementor-widget elementor-widget-image\" data-id=\"f5620c2\" data-element_type=\"widget\" data-e-type=\"widget\" data-widget_type=\"image.default\">\n\t\t\t\t<div class=\"elementor-widget-container\">\n\t\t\t\t\t\t\t\t\t\t\t\t\t\t\t\t<a href=\"https:\/\/www.sharinguniversity.eu\/wpress\/download\/programa-365teams.pdf\" target=\"_blank\">\n\t\t\t\t\t\t\t<img fetchpriority=\"high\" decoding=\"async\" width=\"1080\" height=\"1080\" src=\"https:\/\/www.sharinguniversity.eu\/wpress\/wp-content\/uploads\/2024\/05\/download-programa-de-formacao-2.jpg\" class=\"attachment-full size-full wp-image-15203\" alt=\"\" srcset=\"https:\/\/www.sharinguniversity.eu\/wpress\/wp-content\/uploads\/2024\/05\/download-programa-de-formacao-2.jpg 1080w, https:\/\/www.sharinguniversity.eu\/wpress\/wp-content\/uploads\/2024\/05\/download-programa-de-formacao-2-300x300.jpg 300w, https:\/\/www.sharinguniversity.eu\/wpress\/wp-content\/uploads\/2024\/05\/download-programa-de-formacao-2-1024x1024.jpg 1024w, https:\/\/www.sharinguniversity.eu\/wpress\/wp-content\/uploads\/2024\/05\/download-programa-de-formacao-2-150x150.jpg 150w, https:\/\/www.sharinguniversity.eu\/wpress\/wp-content\/uploads\/2024\/05\/download-programa-de-formacao-2-768x768.jpg 768w\" sizes=\"(max-width: 1080px) 100vw, 1080px\" \/>\t\t\t\t\t\t\t\t<\/a>\n\t\t\t\t\t\t\t\t\t\t\t\t\t\t\t<\/div>\n\t\t\t\t<\/div>\n\t\t\t\t<div class=\"elementor-element elementor-element-aafb248 elementor-widget-divider--view-line elementor-widget elementor-widget-divider\" data-id=\"aafb248\" data-element_type=\"widget\" data-e-type=\"widget\" data-widget_type=\"divider.default\">\n\t\t\t\t<div class=\"elementor-widget-container\">\n\t\t\t\t\t\t\t<div class=\"elementor-divider\">\n\t\t\t<span class=\"elementor-divider-separator\">\n\t\t\t\t\t\t<\/span>\n\t\t<\/div>\n\t\t\t\t\t\t<\/div>\n\t\t\t\t<\/div>\n\t\t<div class=\"elementor-element elementor-element-7252ee2 e-flex e-con-boxed e-con e-parent\" data-id=\"7252ee2\" data-element_type=\"container\" data-e-type=\"container\" data-settings=\"{&quot;background_background&quot;:&quot;classic&quot;}\">\n\t\t\t\t\t<div class=\"e-con-inner\">\n\t\t\t\t<div class=\"elementor-element elementor-element-dd67ef6 elementor-widget elementor-widget-heading\" data-id=\"dd67ef6\" data-element_type=\"widget\" data-e-type=\"widget\" data-widget_type=\"heading.default\">\n\t\t\t\t<div class=\"elementor-widget-container\">\n\t\t\t\t\t<h2 class=\"elementor-heading-title elementor-size-default\">Para mais informa\u00e7\u00f5es, contacte-nos:<\/h2>\t\t\t\t<\/div>\n\t\t\t\t<\/div>\n\t\t\t\t\t<\/div>\n\t\t\t\t<\/div>\n\t\t\t\t\t<\/div>\n\t\t<\/div>\n\t\t\t\t\t<\/div>\n\t\t<\/section>\n\t\t\t\t<\/div>\n\t\t","protected":false},"excerpt":{"rendered":"<p>Cursos Microsoft Office 365 e Microsoft Teams Valor:\u00a0 100 \u20ac Hor\u00e1rio: 2\u00aa, 4\u00aa das 18:00 H \u00e1s 22:00 H Formato: Online N\u00ba Horas: 30 H Dura\u00e7\u00e3o: 5 semanas Modalidade de Forma\u00e7\u00e3o B-Learning Objetivos Gerais No final do curso, os formandos &hellip; <\/p>\n","protected":false},"author":2,"featured_media":0,"parent":0,"menu_order":0,"comment_status":"closed","ping_status":"closed","template":"elementor_header_footer","meta":{"footnotes":""},"class_list":["post-16322","page","type-page","status-publish","hentry"],"_links":{"self":[{"href":"https:\/\/www.sharinguniversity.eu\/wpress\/wp-json\/wp\/v2\/pages\/16322","targetHints":{"allow":["GET"]}}],"collection":[{"href":"https:\/\/www.sharinguniversity.eu\/wpress\/wp-json\/wp\/v2\/pages"}],"about":[{"href":"https:\/\/www.sharinguniversity.eu\/wpress\/wp-json\/wp\/v2\/types\/page"}],"author":[{"embeddable":true,"href":"https:\/\/www.sharinguniversity.eu\/wpress\/wp-json\/wp\/v2\/users\/2"}],"replies":[{"embeddable":true,"href":"https:\/\/www.sharinguniversity.eu\/wpress\/wp-json\/wp\/v2\/comments?post=16322"}],"version-history":[{"count":19,"href":"https:\/\/www.sharinguniversity.eu\/wpress\/wp-json\/wp\/v2\/pages\/16322\/revisions"}],"predecessor-version":[{"id":16385,"href":"https:\/\/www.sharinguniversity.eu\/wpress\/wp-json\/wp\/v2\/pages\/16322\/revisions\/16385"}],"wp:attachment":[{"href":"https:\/\/www.sharinguniversity.eu\/wpress\/wp-json\/wp\/v2\/media?parent=16322"}],"curies":[{"name":"wp","href":"https:\/\/api.w.org\/{rel}","templated":true}]}}