{"id":15025,"date":"2024-05-17T13:30:30","date_gmt":"2024-05-17T12:30:30","guid":{"rendered":"https:\/\/www.sharinguniversity.eu\/wpress\/?page_id=15025"},"modified":"2024-05-20T18:46:30","modified_gmt":"2024-05-20T17:46:30","slug":"politica-de-cookies","status":"publish","type":"page","link":"https:\/\/www.sharinguniversity.eu\/wpress\/politica-de-cookies\/","title":{"rendered":"Pol\u00edtica de Cookies"},"content":{"rendered":"\t\t<div data-elementor-type=\"wp-page\" data-elementor-id=\"15025\" class=\"elementor elementor-15025\" data-elementor-post-type=\"page\">\n\t\t\t\t\t\t<section class=\"elementor-section elementor-top-section elementor-element elementor-element-4438ca9 elementor-section-stretched elementor-section-height-min-height elementor-section-items-bottom elementor-section-boxed elementor-section-height-default\" data-id=\"4438ca9\" data-element_type=\"section\" data-settings=\"{&quot;stretch_section&quot;:&quot;section-stretched&quot;,&quot;background_background&quot;:&quot;classic&quot;}\">\n\t\t\t\t\t\t<div class=\"elementor-container elementor-column-gap-custom\">\n\t\t\t\t\t<div class=\"elementor-column elementor-col-100 elementor-top-column elementor-element elementor-element-710ce73\" data-id=\"710ce73\" data-element_type=\"column\">\n\t\t\t<div class=\"elementor-widget-wrap elementor-element-populated\">\n\t\t\t\t\t\t<div class=\"elementor-element elementor-element-960f694 elementor-widget thim-ekits-heading elementor-widget-thim-heading\" data-id=\"960f694\" data-element_type=\"widget\" data-widget_type=\"thim-heading.default\">\n\t\t\t\t<div class=\"elementor-widget-container\">\n\t\t\t<div class=\"sc_heading \"><h2 class=\"title\">Pol\u00edtica de Cookies <\/h2><\/div>\t\t<\/div>\n\t\t\t\t<\/div>\n\t\t\t\t\t<\/div>\n\t\t<\/div>\n\t\t\t\t\t<\/div>\n\t\t<\/section>\n\t\t\t\t<section class=\"elementor-section elementor-top-section elementor-element elementor-element-1038632 elementor-section-stretched elementor-section-boxed elementor-section-height-default elementor-section-height-default\" data-id=\"1038632\" data-element_type=\"section\" data-settings=\"{&quot;stretch_section&quot;:&quot;section-stretched&quot;}\">\n\t\t\t\t\t\t<div class=\"elementor-container elementor-column-gap-custom\">\n\t\t\t\t\t<div class=\"elementor-column elementor-col-50 elementor-top-column elementor-element elementor-element-03af767\" data-id=\"03af767\" data-element_type=\"column\">\n\t\t\t<div class=\"elementor-widget-wrap elementor-element-populated\">\n\t\t\t\t\t\t<div class=\"elementor-element elementor-element-4214da3 elementor-widget thim-ekits-heading elementor-widget-thim-heading\" data-id=\"4214da3\" data-element_type=\"widget\" data-widget_type=\"thim-heading.default\">\n\t\t\t\t<div class=\"elementor-widget-container\">\n\t\t\t<div class=\"sc_heading \"><h4 class=\"title\">Conhe\u00e7a a Nossa Pol\u00edtica de Cookies <\/h4><\/div>\t\t<\/div>\n\t\t\t\t<\/div>\n\t\t\t\t<div class=\"elementor-element elementor-element-9fc0183 elementor-widget elementor-widget-text-editor\" data-id=\"9fc0183\" data-element_type=\"widget\" data-widget_type=\"text-editor.default\">\n\t\t\t\t<div class=\"elementor-widget-container\">\n\t\t\t<style>\/*! elementor - v3.23.0 - 15-07-2024 *\/\n.elementor-widget-text-editor.elementor-drop-cap-view-stacked .elementor-drop-cap{background-color:#69727d;color:#fff}.elementor-widget-text-editor.elementor-drop-cap-view-framed .elementor-drop-cap{color:#69727d;border:3px solid;background-color:transparent}.elementor-widget-text-editor:not(.elementor-drop-cap-view-default) .elementor-drop-cap{margin-top:8px}.elementor-widget-text-editor:not(.elementor-drop-cap-view-default) .elementor-drop-cap-letter{width:1em;height:1em}.elementor-widget-text-editor .elementor-drop-cap{float:left;text-align:center;line-height:1;font-size:50px}.elementor-widget-text-editor .elementor-drop-cap-letter{display:inline-block}<\/style>\t\t\t\t<p>A <strong>Sharing Meta Education<\/strong>, adiante designada por &#8220;<strong>SME<\/strong>&#8220;, com n\u00famero de pessoa coletiva 516145711, e sede na Av. Dr. M\u00e1rio Soares 14, 2740-119 Porto Salvo, \u00e9 a entidade respons\u00e1vel pela gest\u00e3o do RGPD e pelo tratamento dos seus dados pessoais, estando empenhada em proporcionar a todos os utilizadores do site <a href=\"https:\/\/sharingmetaeducation.org\">https:\/\/sharingmetaeducation.org<\/a> e das plataformas e portais digitais da marca <strong>SHARING<\/strong> a melhor experi\u00eancia online.<\/p><p>Para tal, utilizamos cookies apropriados, assim com um padr\u00e3o de terceiros, com o objetivo de obter dados sobre a sua utiliza\u00e7\u00e3o, enquanto navega nas plataformas digitais, bem como permitir a sua identifica\u00e7\u00e3o sempre que volte a utilizar os Sites e plataformas\/portais digitais geridos pela marca <strong>SHARING<\/strong>.<\/p><p>As informa\u00e7\u00f5es que recolhemos s\u00e3o an\u00f3nimas e n\u00e3o o identificam enquanto indiv\u00edduo, a menos que nos forne\u00e7a os seus dados, preenchendo para tal um formul\u00e1rio, ou por meio de um outro recurso disponibilizado no nosso Site.<\/p><p>Quando a <strong>SME<\/strong> recolher informa\u00e7\u00f5es pessoais, as mesmas ser\u00e3o asseguradas pela nossa <a href=\"https:\/\/www.sharinguniversity.eu\/wpress\/politica-de-privacidade\/\">Pol\u00edtica de Privacidade<\/a>.<br \/>Em baixo segue um \u00cdNDICE, onde poder\u00e1 selecionar a op\u00e7\u00e3o pretendida.<\/p><h3>\u00cdndice<\/h3><ol><li><strong><a href=\"#indice01\">O que s\u00e3o Cookies?<\/a><\/strong><\/li><li><strong><a href=\"#indice02\">Porque utilizamos Cookies?<\/a><\/strong><\/li><li><strong><a href=\"#indice03\">Como Utilizamos os Cookies?<\/a><\/strong><\/li><li><strong><a href=\"#indice04\">Como gerimos os Cookies?<\/a><\/strong><\/li><li><strong><a href=\"#indice05\">Que Cookies s\u00e3o utilizados nos sites e plataformas digitais da SME?<\/a><\/strong><\/li><li><strong><a href=\"#indice06\">Altera\u00e7\u00f5es<\/a><\/strong><\/li><li><strong><a href=\"#indice07\">Como contactar-nos?<\/a><\/strong><\/li><\/ol>\t\t\t\t\t\t<\/div>\n\t\t\t\t<\/div>\n\t\t\t\t<div class=\"elementor-element elementor-element-0d6e574 elementor-widget elementor-widget-menu-anchor\" data-id=\"0d6e574\" data-element_type=\"widget\" data-widget_type=\"menu-anchor.default\">\n\t\t\t\t<div class=\"elementor-widget-container\">\n\t\t\t<style>\/*! elementor - v3.23.0 - 15-07-2024 *\/\nbody.elementor-page .elementor-widget-menu-anchor{margin-bottom:0}<\/style>\t\t<div class=\"elementor-menu-anchor\" id=\"indice01\"><\/div>\n\t\t\t\t<\/div>\n\t\t\t\t<\/div>\n\t\t\t\t<div class=\"elementor-element elementor-element-db29857 elementor-widget elementor-widget-text-editor\" data-id=\"db29857\" data-element_type=\"widget\" data-widget_type=\"text-editor.default\">\n\t\t\t\t<div class=\"elementor-widget-container\">\n\t\t\t\t\t\t\t<h3>1. O que s\u00e3o Cookies?<\/h3><p><strong>1.1.<\/strong> O cookie \u00e9 um ficheiro de informa\u00e7\u00e3o automaticamente colocado nos discos r\u00edgidos dos computadores ou dispositivos m\u00f3veis dos UTILIZADORES, quando estes acedem a certos websites.<\/p><p><strong>1.2.<\/strong> O cookie identifica o programa de navega\u00e7\u00e3o no servidor, possibilitando o armazenamento de informa\u00e7\u00e3o no servidor, por forma a melhorar as experi\u00eancias dos UTILIZADORES.<\/p><p><strong>1.3.<\/strong> A informa\u00e7\u00e3o recolhida respeita \u00e0s prefer\u00eancias de navega\u00e7\u00e3o dos UTILIZADORES, designadamente a forma como os UTILIZADORES acedem e utilizam o website e a zona do pa\u00eds atrav\u00e9s do qual acedem, entre outros, n\u00e3o incluindo, como tal, informa\u00e7\u00e3o que os identifique, mas meras informa\u00e7\u00f5es gen\u00e9ricas.<\/p><p><strong>1.4.<\/strong> A maioria dos programas de navega\u00e7\u00e3o est\u00e3o definidos para aceitar cookies, embora seja poss\u00edvel configurar o navegador para recusar todos os cookies ou para indicar quando um cookie est\u00e1 a ser enviado, conforme descrito infra. Note-se, no entanto, que se recusar os cookies, algumas funcionalidades do website poder\u00e3o n\u00e3o funcionar corretamente.<\/p>\t\t\t\t\t\t<\/div>\n\t\t\t\t<\/div>\n\t\t\t\t<div class=\"elementor-element elementor-element-248f10b elementor-widget elementor-widget-menu-anchor\" data-id=\"248f10b\" data-element_type=\"widget\" data-widget_type=\"menu-anchor.default\">\n\t\t\t\t<div class=\"elementor-widget-container\">\n\t\t\t\t\t<div class=\"elementor-menu-anchor\" id=\"indice02\"><\/div>\n\t\t\t\t<\/div>\n\t\t\t\t<\/div>\n\t\t\t\t<div class=\"elementor-element elementor-element-53e456e elementor-widget elementor-widget-text-editor\" data-id=\"53e456e\" data-element_type=\"widget\" data-widget_type=\"text-editor.default\">\n\t\t\t\t<div class=\"elementor-widget-container\">\n\t\t\t\t\t\t\t<h3>2. Porque utilizamos Cookies?<\/h3><p>2.1. O nosso Website utiliza cookies nos termos descritos infra e a equipa de RGPD da <strong>SME<\/strong> \u00e9 a entidade respons\u00e1vel pelo seu tratamento.<br \/><br \/>2.2. A utiliza\u00e7\u00e3o de cookies, visa melhorar o desempenho do nosso Website e maximizar a sua experi\u00eancia ao navegar no mesmo, nomeadamente permitindo uma navega\u00e7\u00e3o mais r\u00e1pida e eficiente, eliminando a necessidade de introduzir repetidamente as mesmas informa\u00e7\u00f5es. A Pol\u00edtica de Cookies explica como o fazemos. <\/p>\t\t\t\t\t\t<\/div>\n\t\t\t\t<\/div>\n\t\t\t\t<div class=\"elementor-element elementor-element-89afbe7 elementor-widget elementor-widget-menu-anchor\" data-id=\"89afbe7\" data-element_type=\"widget\" data-widget_type=\"menu-anchor.default\">\n\t\t\t\t<div class=\"elementor-widget-container\">\n\t\t\t\t\t<div class=\"elementor-menu-anchor\" id=\"indice03\"><\/div>\n\t\t\t\t<\/div>\n\t\t\t\t<\/div>\n\t\t\t\t<div class=\"elementor-element elementor-element-8ea4f39 elementor-widget elementor-widget-text-editor\" data-id=\"8ea4f39\" data-element_type=\"widget\" data-widget_type=\"text-editor.default\">\n\t\t\t\t<div class=\"elementor-widget-container\">\n\t\t\t\t\t\t\t<h3>3. Como utilizamos os Cookies?<\/h3><p><strong>3.1.<\/strong> N\u00e3o utilizamos cookies abusivos nos Sites e demais Plataformas Digitais geridas pela <strong>SME<\/strong> com o intuito de recolher informa\u00e7\u00f5es pessoais. Usamos servi\u00e7os de an\u00e1lise de terceiros nos nossos Sites, como o Google Analytics, no sentido de analisar o seu comportamento online e obter informa\u00e7\u00f5es estat\u00edsticas de forma agregada, das seguintes formas: analisando o n\u00famero de visitas ao Site; a origem de cada visitante (ou seja, qual o Site visitado antes de chegar ao nosso Site); e para onde \u00e9 que cada visitante acede a partir do Site (ou seja, o Site visitado a seguir ao nosso).<\/p><p><strong>3.2.<\/strong> Um cookie \u00e9 armazenado no seu equipamento, apenas pelo per\u00edodo definido na \u00e1rea &#8220;Cookies&#8221; usados em <a href=\"https:\/\/sharingmetaeducation.org\">https:\/\/sharingmetaeducation.org<\/a> que est\u00e1 ligada ao seu endere\u00e7o de IP. Os Cookies s\u00e3o pequenos ficheiros de texto automaticamente guardados pelo computador do utilizador, e que permitem a sua identifica\u00e7\u00e3o sempre que volte a utilizar o Site da <strong>SME<\/strong>.<\/p>\t\t\t\t\t\t<\/div>\n\t\t\t\t<\/div>\n\t\t\t\t<div class=\"elementor-element elementor-element-a70cf5f elementor-widget elementor-widget-menu-anchor\" data-id=\"a70cf5f\" data-element_type=\"widget\" data-widget_type=\"menu-anchor.default\">\n\t\t\t\t<div class=\"elementor-widget-container\">\n\t\t\t\t\t<div class=\"elementor-menu-anchor\" id=\"indice04\"><\/div>\n\t\t\t\t<\/div>\n\t\t\t\t<\/div>\n\t\t\t\t<div class=\"elementor-element elementor-element-d53ef86 elementor-widget elementor-widget-text-editor\" data-id=\"d53ef86\" data-element_type=\"widget\" data-widget_type=\"text-editor.default\">\n\t\t\t\t<div class=\"elementor-widget-container\">\n\t\t\t\t\t\t\t<h3>4. Como gerimos os Cookies?<\/h3><p><strong>4.1.<\/strong> Todos os browsers permitem ao respetivo utilizador aceitar, recusar ou apagar cookies, nomeadamente atrav\u00e9s da sele\u00e7\u00e3o das defini\u00e7\u00f5es apropriadas no respetivo navegador.<br \/><br \/><strong>4.2.<\/strong> Tenha em aten\u00e7\u00e3o, no entanto, que a desativa\u00e7\u00e3o dos cookies pode afetar, parcial ou totalmente, a sua experi\u00eancia de navega\u00e7\u00e3o no Website.<br \/><br \/><strong>4.3.<\/strong> Pode configurar os cookies no menu &#8220;op\u00e7\u00f5es&#8221; ou &#8220;prefer\u00eancias&#8221; do seu browser. <br \/><br \/><strong>4.4.<\/strong> Para saber mais sobre cookies, visite <a href=\"https:\/\/allaboutcookies.org\" target=\"_blank\" rel=\"noopener\">https:\/\/allaboutcookies.org<\/a>, onde poder\u00e1 encontrar informa\u00e7\u00f5es sobre como gerir as suas configura\u00e7\u00f5es para os v\u00e1rios fornecedores de navegadores.<\/p>\t\t\t\t\t\t<\/div>\n\t\t\t\t<\/div>\n\t\t\t\t<div class=\"elementor-element elementor-element-29c49c5 elementor-widget elementor-widget-menu-anchor\" data-id=\"29c49c5\" data-element_type=\"widget\" data-widget_type=\"menu-anchor.default\">\n\t\t\t\t<div class=\"elementor-widget-container\">\n\t\t\t\t\t<div class=\"elementor-menu-anchor\" id=\"indice05\"><\/div>\n\t\t\t\t<\/div>\n\t\t\t\t<\/div>\n\t\t\t\t<div class=\"elementor-element elementor-element-5e30d30 elementor-widget elementor-widget-text-editor\" data-id=\"5e30d30\" data-element_type=\"widget\" data-widget_type=\"text-editor.default\">\n\t\t\t\t<div class=\"elementor-widget-container\">\n\t\t\t\t\t\t\t<h3>5. Que Cookies s\u00e3o utilizados nos sites e plataformas digitais da SME?<\/h3><p><strong>5.1.<\/strong> O Site <a href=\"https:\/\/sharingmetaeducation.org\">https:\/\/sharingmetaeducation.org<\/a> pode conter links para Sites de terceiros. Se seguir um link para qualquer um desses Sites de terceiros, verifique se os mesmos t\u00eam as suas pr\u00f3prias pol\u00edticas de privacidade e de cookies, sendo que n\u00e3o temos qualquer responsabilidade, ou obriga\u00e7\u00e3o, por essas pol\u00edticas.<\/p><p><strong>5.2.<\/strong> Em baixo seguem os cookies utilizados pelo <a href=\"https:\/\/sharingmetaeducation.org\">https:\/\/sharingmetaeducation.org<\/a>, incluindo os detalhes sobre a sua finalidade, bem como outras informa\u00e7\u00f5es que lhe poder\u00e3o ser \u00fateis.<\/p><p><strong>5.3.<\/strong> Se optar por aceder a sites de terceiros por via de <a href=\"https:\/\/sharingmetaeducation.org\">https:\/\/sharingmetaeducation.org<\/a>, deve verificar se os cookies referidos abaixo podem n\u00e3o fazer parte desses sites.<\/p><p><strong>5.4.<\/strong> <strong>Lista de cookies:<\/strong> <br \/><strong>5.4.1.<\/strong> Um cookie \u00e9 um pequeno peda\u00e7o de dados (ficheiro de texto) que um site &#8211; quando visitado por um utilizador &#8211; pede ao seu navegador para armazenar no seu dispositivo, a fim de lembrar informa\u00e7\u00f5es sobre si, tais como a sua prefer\u00eancia de idioma ou informa\u00e7\u00f5es de login. Esses cookies s\u00e3o definidos por n\u00f3s e s\u00e3o chamados de cookies prim\u00e1rios. Tamb\u00e9m usamos cookies de terceiros &#8211; que s\u00e3o cookies de um dom\u00ednio diferente do dom\u00ednio do site que est\u00e1 a visitar &#8211; para as nossas iniciativas de publicidade e marketing.<\/p><p><strong>5.4.2.<\/strong> A <strong>SME<\/strong> utiliza cookies e outras tecnologias de localiza\u00e7\u00e3o para os seguintes fins: <br \/><strong>5.4.2.1. Cookies estritamente necess\u00e1rios:<\/strong> Estes cookies s\u00e3o necess\u00e1rios para que o website funcione e n\u00e3o podem ser desligados nos nossos sistemas. Normalmente, eles s\u00f3 s\u00e3o configurados em resposta a a\u00e7\u00f5es levadas a cabo por si e que correspondem a uma solicita\u00e7\u00e3o de servi\u00e7os, tais como definir as suas prefer\u00eancias de privacidade, iniciar sess\u00e3o ou preencher formul\u00e1rios. Pode configurar o seu navegador para bloquear ou alert\u00e1-lo(a) sobre esses cookies, mas algumas partes do website n\u00e3o funcionar\u00e3o. Estes cookies n\u00e3o armazenam qualquer informa\u00e7\u00e3o pessoal identific\u00e1vel.<\/p><p><strong>5.4.2.2. Cookies de publicidade:<\/strong> Estes cookies podem ser estabelecidos atrav\u00e9s do nosso site pelos nossos parceiros de publicidade. Podem ser usados por essas empresas associadas, parceiras ou outras partes interessadas para construir um perfil sobre os seus interesses e mostrar-lhe an\u00fancios relevantes em outros websites. Eles n\u00e3o armazenam diretamente informa\u00e7\u00f5es pessoais, mas s\u00e3o baseados na identifica\u00e7\u00e3o exclusiva do seu navegador e dispositivo de internet. Se n\u00e3o permitir estes cookies, ter\u00e1 menos publicidade direcionada.<\/p><p><strong>5.4.2.3. Cookies de funcionalidade:<\/strong> Estes cookies permitem que o site forne\u00e7a uma funcionalidade e personaliza\u00e7\u00e3o melhoradas. Podem ser estabelecidos por n\u00f3s ou por fornecedores externos cujos servi\u00e7os adicion\u00e1mos \u00e0s nossas p\u00e1ginas. Se n\u00e3o permitir estes cookies, algumas destas funcionalidades &#8211; ou mesmo todas &#8211; podem n\u00e3o atuar corretamente<\/p><p><strong>5.4.2.4. Cookies de desempenho:<\/strong> Estes cookies permitem-nos contar visitas e fontes de tr\u00e1fego, para que possamos medir e melhorar o desempenho do nosso website. Eles ajudam-nos a saber quais s\u00e3o as p\u00e1ginas mais e menos populares e a ver como os visitantes se movimentam pelo website. Todas as informa\u00e7\u00f5es recolhidas por estes cookies s\u00e3o agregadas e, por conseguinte, an\u00f3nimas. Se n\u00e3o permitir estes cookies, n\u00e3o saberemos quando visitou o nosso site.<\/p>\t\t\t\t\t\t<\/div>\n\t\t\t\t<\/div>\n\t\t\t\t<div class=\"elementor-element elementor-element-58b9fb7 elementor-widget elementor-widget-menu-anchor\" data-id=\"58b9fb7\" data-element_type=\"widget\" data-widget_type=\"menu-anchor.default\">\n\t\t\t\t<div class=\"elementor-widget-container\">\n\t\t\t\t\t<div class=\"elementor-menu-anchor\" id=\"indice06\"><\/div>\n\t\t\t\t<\/div>\n\t\t\t\t<\/div>\n\t\t\t\t<div class=\"elementor-element elementor-element-b3d69be elementor-widget elementor-widget-text-editor\" data-id=\"b3d69be\" data-element_type=\"widget\" data-widget_type=\"text-editor.default\">\n\t\t\t\t<div class=\"elementor-widget-container\">\n\t\t\t\t\t\t\t<h3>6. Altera\u00e7\u00f5es<\/h3><p><strong>6.1.<\/strong> A <strong>SME<\/strong> reserva-se o direito de, a qualquer momento, sem necessidade de aviso pr\u00e9vio e com efeitos imediatos, alterar, adicionar, atualizar ou eliminar, parcial ou totalmente, a presente informa\u00e7\u00e3o sobre cookies.<\/p><p><strong>6.2.<\/strong> A lista de cookies ser\u00e1 atualizada sempre que necess\u00e1rio, \u00e0 medida que sejam modificadas as funcionalidades ou servi\u00e7os disponibilizados atrav\u00e9s deste Website. Sem preju\u00edzo, durante a referida atualiza\u00e7\u00e3o, \u00e9 poss\u00edvel que a lista deixe de incluir algum cookie.<\/p>\t\t\t\t\t\t<\/div>\n\t\t\t\t<\/div>\n\t\t\t\t<div class=\"elementor-element elementor-element-33e041f elementor-widget elementor-widget-menu-anchor\" data-id=\"33e041f\" data-element_type=\"widget\" data-widget_type=\"menu-anchor.default\">\n\t\t\t\t<div class=\"elementor-widget-container\">\n\t\t\t\t\t<div class=\"elementor-menu-anchor\" id=\"indice07\"><\/div>\n\t\t\t\t<\/div>\n\t\t\t\t<\/div>\n\t\t\t\t<div class=\"elementor-element elementor-element-171afbb elementor-widget elementor-widget-text-editor\" data-id=\"171afbb\" data-element_type=\"widget\" data-widget_type=\"text-editor.default\">\n\t\t\t\t<div class=\"elementor-widget-container\">\n\t\t\t\t\t\t\t<h3>7. Como contactar-nos?<\/h3><p>Se tem perguntas, coment\u00e1rios ou d\u00favidas sobre esta Pol\u00edtica de Cookies ou outras pr\u00e1ticas de tratamento de informa\u00e7\u00e3o deste Website, entre em contacto com o Respons\u00e1vel pela Prote\u00e7\u00e3o de Dados da SME atrav\u00e9s do e-mail: <a href=\"mailto:dpo.privacidade@sharinguniversity.pt\">dpo.privacidade@sharinguniversity.pt<\/a>.<\/p><p><br \/>\u00daltima atualiza\u00e7\u00e3o: 19 de julho de 2023<\/p>\t\t\t\t\t\t<\/div>\n\t\t\t\t<\/div>\n\t\t\t\t\t<\/div>\n\t\t<\/div>\n\t\t\t\t<div class=\"elementor-column elementor-col-50 elementor-top-column elementor-element elementor-element-3c63165\" data-id=\"3c63165\" data-element_type=\"column\">\n\t\t\t<div class=\"elementor-widget-wrap elementor-element-populated\">\n\t\t\t\t\t\t<div class=\"elementor-element elementor-element-f1c70ae elementor-widget thim-ekits-heading elementor-widget-thim-heading\" data-id=\"f1c70ae\" data-element_type=\"widget\" data-widget_type=\"thim-heading.default\">\n\t\t\t\t<div class=\"elementor-widget-container\">\n\t\t\t<div class=\"sc_heading \"><h4 class=\"title\">Bloco Informativo <\/h4><\/div>\t\t<\/div>\n\t\t\t\t<\/div>\n\t\t\t\t<div class=\"elementor-element elementor-element-8b36c88 elementor-widget elementor-widget-thim-ekits-header-info\" data-id=\"8b36c88\" data-element_type=\"widget\" data-widget_type=\"thim-ekits-header-info.default\">\n\t\t\t\t<div class=\"elementor-widget-container\">\n\t\t\t\t\t<div class=\"header-info-swapper\">\n\t\t\t<ul class=\"thim-header-info\">\n\t\t\t\t\t\t\t\t\t\t<li>\n\t\t\t\t\t\t\t\t\t\t\t\t\t\t\t\t\t\t\t\t\t\t\t\t<span>\n\t\t\t\t\t\t\t\t\t<i aria-hidden=\"true\" class=\"fas fa-arrow-alt-circle-right\"><\/i>\t\t\t\t\t\t\t\t<\/span>\n\t\t\t\t\t\t\t\t\n\t\t\t\t\t\t\t\tEm edi\u00e7\u00e3o...\n\t\t\t\t\t\t\t\t\t\t\t\t\t\t<\/li>\n\t\t\t\t\t\t\t\t\t<\/ul>\n\t\t<\/div>\n\t\t\t\t<\/div>\n\t\t\t\t<\/div>\n\t\t\t\t\t<\/div>\n\t\t<\/div>\n\t\t\t\t\t<\/div>\n\t\t<\/section>\n\t\t\t\t<\/div>\n\t\t","protected":false},"excerpt":{"rendered":"<p>Pol\u00edtica de Cookies Conhe\u00e7a a Nossa Pol\u00edtica de Cookies A Sharing Meta Education, adiante designada por &#8220;SME&#8220;, com n\u00famero de pessoa coletiva 516145711, e sede na Av. Dr. M\u00e1rio Soares 14, 2740-119 Porto Salvo, \u00e9 a entidade respons\u00e1vel pela gest\u00e3o &hellip; <\/p>\n","protected":false},"author":1,"featured_media":0,"parent":0,"menu_order":0,"comment_status":"closed","ping_status":"closed","template":"elementor_header_footer","meta":{"footnotes":""},"class_list":["post-15025","page","type-page","status-publish","hentry"],"_links":{"self":[{"href":"https:\/\/www.sharinguniversity.eu\/wpress\/wp-json\/wp\/v2\/pages\/15025","targetHints":{"allow":["GET"]}}],"collection":[{"href":"https:\/\/www.sharinguniversity.eu\/wpress\/wp-json\/wp\/v2\/pages"}],"about":[{"href":"https:\/\/www.sharinguniversity.eu\/wpress\/wp-json\/wp\/v2\/types\/page"}],"author":[{"embeddable":true,"href":"https:\/\/www.sharinguniversity.eu\/wpress\/wp-json\/wp\/v2\/users\/1"}],"replies":[{"embeddable":true,"href":"https:\/\/www.sharinguniversity.eu\/wpress\/wp-json\/wp\/v2\/comments?post=15025"}],"version-history":[{"count":46,"href":"https:\/\/www.sharinguniversity.eu\/wpress\/wp-json\/wp\/v2\/pages\/15025\/revisions"}],"predecessor-version":[{"id":15090,"href":"https:\/\/www.sharinguniversity.eu\/wpress\/wp-json\/wp\/v2\/pages\/15025\/revisions\/15090"}],"wp:attachment":[{"href":"https:\/\/www.sharinguniversity.eu\/wpress\/wp-json\/wp\/v2\/media?parent=15025"}],"curies":[{"name":"wp","href":"https:\/\/api.w.org\/{rel}","templated":true}]}}