{"id":14470,"date":"2024-05-10T18:47:17","date_gmt":"2024-05-10T17:47:17","guid":{"rendered":"https:\/\/www.sharinguniversity.eu\/wpress\/?page_id=14470"},"modified":"2024-05-10T19:09:47","modified_gmt":"2024-05-10T18:09:47","slug":"laboratorio","status":"publish","type":"page","link":"https:\/\/www.sharinguniversity.eu\/wpress\/laboratorio\/","title":{"rendered":"Laborat\u00f3rio"},"content":{"rendered":"\t\t<div data-elementor-type=\"wp-page\" data-elementor-id=\"14470\" class=\"elementor elementor-14470\" data-elementor-post-type=\"page\">\n\t\t\t\t\t\t<section class=\"elementor-section elementor-top-section elementor-element elementor-element-4438ca9 elementor-section-stretched elementor-section-height-min-height elementor-section-items-bottom elementor-section-boxed elementor-section-height-default\" data-id=\"4438ca9\" data-element_type=\"section\" data-settings=\"{&quot;stretch_section&quot;:&quot;section-stretched&quot;,&quot;background_background&quot;:&quot;classic&quot;}\">\n\t\t\t\t\t\t<div class=\"elementor-container elementor-column-gap-custom\">\n\t\t\t\t\t<div class=\"elementor-column elementor-col-100 elementor-top-column elementor-element elementor-element-710ce73\" data-id=\"710ce73\" data-element_type=\"column\">\n\t\t\t<div class=\"elementor-widget-wrap elementor-element-populated\">\n\t\t\t\t\t\t<div class=\"elementor-element elementor-element-960f694 elementor-widget thim-ekits-heading elementor-widget-thim-heading\" data-id=\"960f694\" data-element_type=\"widget\" data-widget_type=\"thim-heading.default\">\n\t\t\t\t<div class=\"elementor-widget-container\">\n\t\t\t<div class=\"sc_heading \"><h2 class=\"title\">Laborat\u00f3rio <\/h2><\/div>\t\t<\/div>\n\t\t\t\t<\/div>\n\t\t\t\t\t<\/div>\n\t\t<\/div>\n\t\t\t\t\t<\/div>\n\t\t<\/section>\n\t\t\t\t<section class=\"elementor-section elementor-top-section elementor-element elementor-element-1038632 elementor-section-stretched elementor-section-boxed elementor-section-height-default elementor-section-height-default\" data-id=\"1038632\" data-element_type=\"section\" data-settings=\"{&quot;stretch_section&quot;:&quot;section-stretched&quot;}\">\n\t\t\t\t\t\t<div class=\"elementor-container elementor-column-gap-custom\">\n\t\t\t\t\t<div class=\"elementor-column elementor-col-50 elementor-top-column elementor-element elementor-element-03af767\" data-id=\"03af767\" data-element_type=\"column\">\n\t\t\t<div class=\"elementor-widget-wrap elementor-element-populated\">\n\t\t\t\t\t\t<div class=\"elementor-element elementor-element-fd74e34 elementor-widget thim-ekits-heading elementor-widget-thim-heading\" data-id=\"fd74e34\" data-element_type=\"widget\" data-widget_type=\"thim-heading.default\">\n\t\t\t\t<div class=\"elementor-widget-container\">\n\t\t\t<div class=\"sc_heading \"><h4 class=\"title\">Projeto para a constru\u00e7\u00e3o de um laborat\u00f3rio de investiga\u00e7\u00e3o em ciberseguran\u00e7a <\/h4><\/div>\t\t<\/div>\n\t\t\t\t<\/div>\n\t\t\t\t<div class=\"elementor-element elementor-element-9fc0183 elementor-widget elementor-widget-text-editor\" data-id=\"9fc0183\" data-element_type=\"widget\" data-widget_type=\"text-editor.default\">\n\t\t\t\t<div class=\"elementor-widget-container\">\n\t\t\t<style>\/*! elementor - v3.23.0 - 15-07-2024 *\/\n.elementor-widget-text-editor.elementor-drop-cap-view-stacked .elementor-drop-cap{background-color:#69727d;color:#fff}.elementor-widget-text-editor.elementor-drop-cap-view-framed .elementor-drop-cap{color:#69727d;border:3px solid;background-color:transparent}.elementor-widget-text-editor:not(.elementor-drop-cap-view-default) .elementor-drop-cap{margin-top:8px}.elementor-widget-text-editor:not(.elementor-drop-cap-view-default) .elementor-drop-cap-letter{width:1em;height:1em}.elementor-widget-text-editor .elementor-drop-cap{float:left;text-align:center;line-height:1;font-size:50px}.elementor-widget-text-editor .elementor-drop-cap-letter{display:inline-block}<\/style>\t\t\t\t<p>A <strong>SME &#8211; Sharing Meta Education<\/strong>, pretende construir um Laborat\u00f3rio de Ciberseguran\u00e7a que permita a utiliza\u00e7\u00e3o dos recursos do mesmo por v\u00e1rias entidades em regime livre.<\/p><p>Este laborat\u00f3rio pretende ser o elemento central duma s\u00e9rie de atividades de investiga\u00e7\u00e3o a desenvolver e que incluem:<\/p>\t\t\t\t\t\t<\/div>\n\t\t\t\t<\/div>\n\t\t\t\t<div class=\"elementor-element elementor-element-f342826 elementor-widget elementor-widget-thim-ekits-header-info\" data-id=\"f342826\" data-element_type=\"widget\" data-widget_type=\"thim-ekits-header-info.default\">\n\t\t\t\t<div class=\"elementor-widget-container\">\n\t\t\t\t\t<div class=\"header-info-swapper\">\n\t\t\t<ul class=\"thim-header-info\">\n\t\t\t\t\t\t\t\t\t\t<li>\n\t\t\t\t\t\t\t\t\t\t\t\t\t\t\t\t\t\t\t\t\t\t\t\t<span>\n\t\t\t\t\t\t\t\t\t<i aria-hidden=\"true\" class=\"far fa-dot-circle\"><\/i>\t\t\t\t\t\t\t\t<\/span>\n\t\t\t\t\t\t\t\t\n\t\t\t\t\t\t\t\tApoio \u00e0s aulas de estabelecimentos de Ensino Superior.\n\t\t\t\t\t\t\t\t\t\t\t\t\t\t<\/li>\n\t\t\t\t\t\t\t\t\t\t\t\t<li>\n\t\t\t\t\t\t\t\t\t\t\t\t\t\t\t\t\t\t\t\t\t\t\t\t<span>\n\t\t\t\t\t\t\t\t\t<i aria-hidden=\"true\" class=\"far fa-dot-circle\"><\/i>\t\t\t\t\t\t\t\t<\/span>\n\t\t\t\t\t\t\t\t\n\t\t\t\t\t\t\t\tAtividades universit\u00e1rias de investiga\u00e7\u00e3o.\n\t\t\t\t\t\t\t\t\t\t\t\t\t\t<\/li>\n\t\t\t\t\t\t\t\t\t\t\t\t<li>\n\t\t\t\t\t\t\t\t\t\t\t\t\t\t\t\t\t\t\t\t\t\t\t\t<span>\n\t\t\t\t\t\t\t\t\t<i aria-hidden=\"true\" class=\"far fa-dot-circle\"><\/i>\t\t\t\t\t\t\t\t<\/span>\n\t\t\t\t\t\t\t\t\n\t\t\t\t\t\t\t\tUtiliza\u00e7\u00e3o em forma\u00e7\u00e3o profissional nas forma\u00e7\u00f5es de perfis de profissionais de ciberseguran\u00e7a definidos pela ENISA.\n\t\t\t\t\t\t\t\t\t\t\t\t\t\t<\/li>\n\t\t\t\t\t\t\t\t\t\t\t\t<li>\n\t\t\t\t\t\t\t\t\t\t\t\t\t\t\t\t\t\t\t\t\t\t\t\t<span>\n\t\t\t\t\t\t\t\t\t<i aria-hidden=\"true\" class=\"far fa-dot-circle\"><\/i>\t\t\t\t\t\t\t\t<\/span>\n\t\t\t\t\t\t\t\t\n\t\t\t\t\t\t\t\tUtiliza\u00e7\u00e3o dos equipamentos do laborat\u00f3rio por acesso remoto, por v\u00e1rias escolas secund\u00e1rias do concelho e entidades de poder local (Ex: juntas de freguesia) para forma\u00e7\u00e3o de cidad\u00e3os em no\u00e7\u00f5es b\u00e1sicas de ciberseguran\u00e7a, de modo a aprenderem a fazer um uso seguro da internet. Para esta utiliza\u00e7\u00e3o, ser\u00e1 desenvolvido um sistema de marca\u00e7\u00e3o e agendamento de utiliza\u00e7\u00e3o (middleware schedulling) que permitir\u00e1 utilizar o sistema 24 horas \/ 7 dias por semana, e assim criar um laborat\u00f3rio remoto acess\u00edvel via internet.\n\t\t\t\t\t\t\t\t\t\t\t\t\t\t<\/li>\n\t\t\t\t\t\t\t\t\t\t\t\t<li>\n\t\t\t\t\t\t\t\t\t\t\t\t\t\t\t\t\t\t\t\t\t\t\t\t<span>\n\t\t\t\t\t\t\t\t\t<i aria-hidden=\"true\" class=\"far fa-dot-circle\"><\/i>\t\t\t\t\t\t\t\t<\/span>\n\t\t\t\t\t\t\t\t\n\t\t\t\t\t\t\t\tIntegra\u00e7\u00e3o deste laborat\u00f3rio com outros laborat\u00f3rios de ciberseguran\u00e7a e inform\u00e1tica doutras universidades de modo a criar uma federa\u00e7\u00e3o de laborat\u00f3rios remotos na \u00e1rea da ciberseguran\u00e7a e permitir a sua utiliza\u00e7\u00e3o por v\u00e1rias institui\u00e7\u00f5es de ensino universit\u00e1rio e n\u00e3o universit\u00e1rio.\n\t\t\t\t\t\t\t\t\t\t\t\t\t\t<\/li>\n\t\t\t\t\t\t\t\t\t\t\t\t<li>\n\t\t\t\t\t\t\t\t\t\t\t\t\t\t\t\t\t\t\t\t\t\t\t\t<span>\n\t\t\t\t\t\t\t\t\t<i aria-hidden=\"true\" class=\"far fa-dot-circle\"><\/i>\t\t\t\t\t\t\t\t<\/span>\n\t\t\t\t\t\t\t\t\n\t\t\t\t\t\t\t\tUtiliza\u00e7\u00e3o do laborat\u00f3rio por for\u00e7as de seguran\u00e7a de modo a poder realizar testes de \"Ethical Hacking\" e simula\u00e7\u00f5es de ambiente de ataque ou usando-o como proxy mascarado para v\u00e1rias atividades de investiga\u00e7\u00e3o.\n\t\t\t\t\t\t\t\t\t\t\t\t\t\t<\/li>\n\t\t\t\t\t\t\t\t\t<\/ul>\n\t\t<\/div>\n\t\t\t\t<\/div>\n\t\t\t\t<\/div>\n\t\t\t\t<div class=\"elementor-element elementor-element-7ab5c47 elementor-widget elementor-widget-text-editor\" data-id=\"7ab5c47\" data-element_type=\"widget\" data-widget_type=\"text-editor.default\">\n\t\t\t\t<div class=\"elementor-widget-container\">\n\t\t\t\t\t\t\t<p>Neste laborat\u00f3rio, ser\u00e3o desenvolvidos tamb\u00e9m cursos de forma\u00e7\u00e3o em ciberseguran\u00e7a no \u00e2mbito das academias <strong>Fortinet<\/strong>, <strong>Cisco<\/strong>, <strong>Palo Alto<\/strong> e <strong>Huawei<\/strong>, para formar profissionais qualificados em ciberseguran\u00e7a, respeitando os perfis definidos pela <strong>ENISA<\/strong>.<br \/>Para estas a\u00e7\u00f5es de forma\u00e7\u00e3o, ser\u00e3o desenvolvidos v\u00e1rios conte\u00fados pedag\u00f3gicos de apoio \u00e0 forma\u00e7\u00e3o em formato web e que poder\u00e3o ser acedidos por todas as institui\u00e7\u00f5es que usem o laborat\u00f3rio e por todos os alunos e formandos que utilizem o laborat\u00f3rio.<\/p><p>Nesta sequ\u00eancia os cursos propostos s\u00e3o:<\/p>\t\t\t\t\t\t<\/div>\n\t\t\t\t<\/div>\n\t\t\t\t<div class=\"elementor-element elementor-element-5033a58 elementor-widget elementor-widget-thim-ekits-header-info\" data-id=\"5033a58\" data-element_type=\"widget\" data-widget_type=\"thim-ekits-header-info.default\">\n\t\t\t\t<div class=\"elementor-widget-container\">\n\t\t\t\t\t<div class=\"header-info-swapper\">\n\t\t\t<ul class=\"thim-header-info\">\n\t\t\t\t\t\t\t\t\t\t<li>\n\t\t\t\t\t\t\t\t\t\t\t\t\t\t\t\t\t\t\t\t\t\t\t\t<span>\n\t\t\t\t\t\t\t\t\t<i aria-hidden=\"true\" class=\"far fa-dot-circle\"><\/i>\t\t\t\t\t\t\t\t<\/span>\n\t\t\t\t\t\t\t\t\n\t\t\t\t\t\t\t\tComportamento Ciberseguro para o cidad\u00e3o comum e comunidades locais\n\t\t\t\t\t\t\t\t\t\t\t\t\t\t<\/li>\n\t\t\t\t\t\t\t\t\t\t\t\t<li>\n\t\t\t\t\t\t\t\t\t\t\t\t\t\t\t\t\t\t\t\t\t\t\t\t<span>\n\t\t\t\t\t\t\t\t\t<i aria-hidden=\"true\" class=\"far fa-dot-circle\"><\/i>\t\t\t\t\t\t\t\t<\/span>\n\t\t\t\t\t\t\t\t\n\t\t\t\t\t\t\t\tRedes Seguras\n\t\t\t\t\t\t\t\t\t\t\t\t\t\t<\/li>\n\t\t\t\t\t\t\t\t\t\t\t\t<li>\n\t\t\t\t\t\t\t\t\t\t\t\t\t\t\t\t\t\t\t\t\t\t\t\t<span>\n\t\t\t\t\t\t\t\t\t<i aria-hidden=\"true\" class=\"far fa-dot-circle\"><\/i>\t\t\t\t\t\t\t\t<\/span>\n\t\t\t\t\t\t\t\t\n\t\t\t\t\t\t\t\tForma\u00e7\u00e3o de formadores em ciberseguran\u00e7a\n\t\t\t\t\t\t\t\t\t\t\t\t\t\t<\/li>\n\t\t\t\t\t\t\t\t\t\t\t\t<li>\n\t\t\t\t\t\t\t\t\t\t\t\t\t\t\t\t\t\t\t\t\t\t\t\t<span>\n\t\t\t\t\t\t\t\t\t<i aria-hidden=\"true\" class=\"far fa-dot-circle\"><\/i>\t\t\t\t\t\t\t\t<\/span>\n\t\t\t\t\t\t\t\t\n\t\t\t\t\t\t\t\tDesenvolvimento seguro de software\n\t\t\t\t\t\t\t\t\t\t\t\t\t\t<\/li>\n\t\t\t\t\t\t\t\t\t\t\t\t<li>\n\t\t\t\t\t\t\t\t\t\t\t\t\t\t\t\t\t\t\t\t\t\t\t\t<span>\n\t\t\t\t\t\t\t\t\t<i aria-hidden=\"true\" class=\"far fa-dot-circle\"><\/i>\t\t\t\t\t\t\t\t<\/span>\n\t\t\t\t\t\t\t\t\n\t\t\t\t\t\t\t\tForma\u00e7\u00e3o nos diferentes perfis da ENISA\n\t\t\t\t\t\t\t\t\t\t\t\t\t\t<\/li>\n\t\t\t\t\t\t\t\t\t\t\t\t<li>\n\t\t\t\t\t\t\t\t\t\t\t\t\t\t\t\t\t\t\t\t\t\t\t\t<span>\n\t\t\t\t\t\t\t\t\t<i aria-hidden=\"true\" class=\"far fa-dot-circle\"><\/i>\t\t\t\t\t\t\t\t<\/span>\n\t\t\t\t\t\t\t\t\n\t\t\t\t\t\t\t\tRGPD\n\t\t\t\t\t\t\t\t\t\t\t\t\t\t<\/li>\n\t\t\t\t\t\t\t\t\t\t\t\t<li>\n\t\t\t\t\t\t\t\t\t\t\t\t\t\t\t\t\t\t\t\t\t\t\t\t<span>\n\t\t\t\t\t\t\t\t\t<i aria-hidden=\"true\" class=\"far fa-dot-circle\"><\/i>\t\t\t\t\t\t\t\t<\/span>\n\t\t\t\t\t\t\t\t\n\t\t\t\t\t\t\t\tDPO\/EPD\n\t\t\t\t\t\t\t\t\t\t\t\t\t\t<\/li>\n\t\t\t\t\t\t\t\t\t\t\t\t<li>\n\t\t\t\t\t\t\t\t\t\t\t\t\t\t\t\t\t\t\t\t\t\t\t\t<span>\n\t\t\t\t\t\t\t\t\t<i aria-hidden=\"true\" class=\"far fa-dot-circle\"><\/i>\t\t\t\t\t\t\t\t<\/span>\n\t\t\t\t\t\t\t\t\n\t\t\t\t\t\t\t\tBoas Pr\u00e1ticas de DPO\/EPD\n\t\t\t\t\t\t\t\t\t\t\t\t\t\t<\/li>\n\t\t\t\t\t\t\t\t\t<\/ul>\n\t\t<\/div>\n\t\t\t\t<\/div>\n\t\t\t\t<\/div>\n\t\t\t\t<div class=\"elementor-element elementor-element-aed8a89 elementor-widget elementor-widget-text-editor\" data-id=\"aed8a89\" data-element_type=\"widget\" data-widget_type=\"text-editor.default\">\n\t\t\t\t<div class=\"elementor-widget-container\">\n\t\t\t\t\t\t\t<p>Paralelamente, a <strong>SME<\/strong> pretende criar um observat\u00f3rio de boas pr\u00e1ticas de ciberseguran\u00e7a, que permitir\u00e1 analisar em v\u00e1rios grupos de utilizadores o grau de comportamento ciberseguro que esses utilizadores e as seus perfis e classes profissionais utilizam.<\/p><p>Ser\u00e1 produzido um relat\u00f3rio da an\u00e1lise da utiliza\u00e7\u00e3o de boas pr\u00e1ticas nos diferentes perfis profissionais da <strong>ENISA<\/strong>.<\/p><p>Ser\u00e1 dada aten\u00e7\u00e3o especial ao perfil de DPO (Data Protection Officer) \/ EPD (Encarregado de Prote\u00e7\u00e3o de dados), ser\u00e3o acompanhados alguns EPDs e feita uma an\u00e1lise das pr\u00e1ticas (boas ou m\u00e1s) por eles seguidas.<\/p><p>Finalmente como outcome deste observat\u00f3rio de boas pr\u00e1ticas, ser\u00e1 produzido um manual de boas pr\u00e1ticas para DPO\/EPD.<\/p>\t\t\t\t\t\t<\/div>\n\t\t\t\t<\/div>\n\t\t\t\t\t<\/div>\n\t\t<\/div>\n\t\t\t\t<div class=\"elementor-column elementor-col-50 elementor-top-column elementor-element elementor-element-3c63165\" data-id=\"3c63165\" data-element_type=\"column\">\n\t\t\t<div class=\"elementor-widget-wrap elementor-element-populated\">\n\t\t\t\t\t\t<div class=\"elementor-element elementor-element-f1c70ae elementor-widget thim-ekits-heading elementor-widget-thim-heading\" data-id=\"f1c70ae\" data-element_type=\"widget\" data-widget_type=\"thim-heading.default\">\n\t\t\t\t<div class=\"elementor-widget-container\">\n\t\t\t<div class=\"sc_heading \"><h4 class=\"title\">Bloco Informativo <\/h4><\/div>\t\t<\/div>\n\t\t\t\t<\/div>\n\t\t\t\t<div class=\"elementor-element elementor-element-8b36c88 elementor-widget elementor-widget-thim-ekits-header-info\" data-id=\"8b36c88\" data-element_type=\"widget\" data-widget_type=\"thim-ekits-header-info.default\">\n\t\t\t\t<div class=\"elementor-widget-container\">\n\t\t\t\t\t<div class=\"header-info-swapper\">\n\t\t\t<ul class=\"thim-header-info\">\n\t\t\t\t\t\t\t\t\t\t<li>\n\t\t\t\t\t\t\t\t\t\t\t\t\t\t\t\t\t\t\t\t\t\t\t\t<span>\n\t\t\t\t\t\t\t\t\t<i aria-hidden=\"true\" class=\"fas fa-arrow-alt-circle-right\"><\/i>\t\t\t\t\t\t\t\t<\/span>\n\t\t\t\t\t\t\t\t\n\t\t\t\t\t\t\t\tEm edi\u00e7\u00e3o...\n\t\t\t\t\t\t\t\t\t\t\t\t\t\t<\/li>\n\t\t\t\t\t\t\t\t\t<\/ul>\n\t\t<\/div>\n\t\t\t\t<\/div>\n\t\t\t\t<\/div>\n\t\t\t\t\t<\/div>\n\t\t<\/div>\n\t\t\t\t\t<\/div>\n\t\t<\/section>\n\t\t\t\t<\/div>\n\t\t","protected":false},"excerpt":{"rendered":"<p>Laborat\u00f3rio Projeto para a constru\u00e7\u00e3o de um laborat\u00f3rio de investiga\u00e7\u00e3o em ciberseguran\u00e7a A SME &#8211; Sharing Meta Education, pretende construir um Laborat\u00f3rio de Ciberseguran\u00e7a que permita a utiliza\u00e7\u00e3o dos recursos do mesmo por v\u00e1rias entidades em regime livre. Este laborat\u00f3rio &hellip; <\/p>\n","protected":false},"author":1,"featured_media":0,"parent":0,"menu_order":0,"comment_status":"closed","ping_status":"closed","template":"elementor_header_footer","meta":{"footnotes":""},"class_list":["post-14470","page","type-page","status-publish","hentry"],"_links":{"self":[{"href":"https:\/\/www.sharinguniversity.eu\/wpress\/wp-json\/wp\/v2\/pages\/14470","targetHints":{"allow":["GET"]}}],"collection":[{"href":"https:\/\/www.sharinguniversity.eu\/wpress\/wp-json\/wp\/v2\/pages"}],"about":[{"href":"https:\/\/www.sharinguniversity.eu\/wpress\/wp-json\/wp\/v2\/types\/page"}],"author":[{"embeddable":true,"href":"https:\/\/www.sharinguniversity.eu\/wpress\/wp-json\/wp\/v2\/users\/1"}],"replies":[{"embeddable":true,"href":"https:\/\/www.sharinguniversity.eu\/wpress\/wp-json\/wp\/v2\/comments?post=14470"}],"version-history":[{"count":13,"href":"https:\/\/www.sharinguniversity.eu\/wpress\/wp-json\/wp\/v2\/pages\/14470\/revisions"}],"predecessor-version":[{"id":14486,"href":"https:\/\/www.sharinguniversity.eu\/wpress\/wp-json\/wp\/v2\/pages\/14470\/revisions\/14486"}],"wp:attachment":[{"href":"https:\/\/www.sharinguniversity.eu\/wpress\/wp-json\/wp\/v2\/media?parent=14470"}],"curies":[{"name":"wp","href":"https:\/\/api.w.org\/{rel}","templated":true}]}}